{"id":25306,"date":"2018-03-07T14:53:19","date_gmt":"2018-03-07T14:53:19","guid":{"rendered":"https:\/\/developlaclave.es\/develop\/carmen\/?page_id=25306"},"modified":"2022-02-23T17:05:20","modified_gmt":"2022-02-23T15:05:20","slug":"contacto-con-carmen-estevez-profesora-de-espanol-online","status":"publish","type":"page","link":"https:\/\/prueba.aprendeconcarmen.es\/es\/contacto-con-carmen-estevez-profesora-de-espanol-online\/","title":{"rendered":"Contacto"},"content":{"rendered":"<p>[vc_row full_width=&#8221;stretch_row&#8221; content_placement=&#8221;middle&#8221; css_animation=&#8221;none&#8221; css=&#8221;.vc_custom_1522837001505{margin-bottom: 0px !important;padding-top: 130px !important;padding-bottom: 50px !important;background-image: url(https:\/\/aprendeconcarmen.es\/wp-content\/uploads\/2018\/03\/background-contacto.jpg?id=24903) !important;background-position: 0 0 !important;background-repeat: no-repeat !important;}&#8221; el_id=&#8221;cabecera&#8221;][vc_column css=&#8221;.vc_custom_1519318946462{padding-top: 0px !important;}&#8221;][vc_row_inner el_id=&#8221;caberatextos&#8221;][vc_column_inner width=&#8221;1\/2&#8243;][vc_column_text css_animation=&#8221;fadeInLeft&#8221; el_id=&#8221;titulopagina&#8221;]<\/p>\n<h1 style=\"text-align: right;\">DATOS DE<br \/>\n<strong>CONTACTO<\/strong><\/h1>\n<p>[\/vc_column_text][\/vc_column_inner][vc_column_inner width=&#8221;1\/2&#8243;][vc_column_text css_animation=&#8221;fadeInRight&#8221; el_id=&#8221;subtitulopagina&#8221;]<\/p>\n<h2 style=\"text-align: left;\">CARMEN EST\u00c9VEZ,<br \/>\nPROFESORA\u00a0DE<br \/>\nESPA\u00d1OL ONLINE<\/h2>\n<p>[\/vc_column_text][vc_column_text css_animation=&#8221;fadeInRight&#8221; el_id=&#8221;txtpaginacabecera&#8221;]\u00bfQu\u00e9 informaci\u00f3n necesitas?[\/vc_column_text][\/vc_column_inner][\/vc_row_inner][\/vc_column][\/vc_row][vc_row css=&#8221;.vc_custom_1520243731342{margin-top: 0px !important;padding-top: 0px !important;}&#8221;][vc_column css=&#8221;.vc_custom_1520243346732{margin-top: 0px !important;padding-top: 0px !important;}&#8221;]<div id=\"fullwidth-block-69ff0a8d24f38\" class=\"fullwidth-block clearfix\"  style=\"background-color: #b75a0c;\"><script type=\"text\/javascript\">if (typeof(gem_fix_fullwidth_position) == \"function\") { gem_fix_fullwidth_position(document.getElementById(\"fullwidth-block-69ff0a8d24f38\")); }<\/script><div class=\"fullwidth-block-inner\"><\/div><div class=\"fullwidth-bottom-marker marker-direction-outside\"><svg width=\"140\" height=\"70\" style=\"fill: #b75a0c\"><path d=\"M 0,0 Q 65,5 70,70 Q 75,5 140,0\" \/><\/svg><\/div><\/div>[\/vc_column][\/vc_row][vc_row css=&#8221;.vc_custom_1520243793335{margin-top: 90px !important;margin-bottom: 30px !important;padding-top: 0px !important;}&#8221;][vc_column css=&#8221;.vc_custom_1520243346732{margin-top: 0px !important;padding-top: 0px !important;}&#8221;]\n<div class=\"wpcf7 no-js\" id=\"wpcf7-f24633-o1\" lang=\"en-US\" dir=\"ltr\">\n<div class=\"screen-reader-response\"><p role=\"status\" aria-live=\"polite\" aria-atomic=\"true\"><\/p> <ul><\/ul><\/div>\n<form action=\"\/es\/wp-json\/wp\/v2\/pages\/25306#wpcf7-f24633-o1\" method=\"post\" class=\"wpcf7-form init\" aria-label=\"Contact form\" novalidate=\"novalidate\" data-status=\"init\">\n<div style=\"display: none;\">\n<input type=\"hidden\" name=\"_wpcf7\" value=\"24633\" \/>\n<input type=\"hidden\" name=\"_wpcf7_version\" value=\"5.7.5.1\" \/>\n<input type=\"hidden\" name=\"_wpcf7_locale\" value=\"en_US\" \/>\n<input type=\"hidden\" name=\"_wpcf7_unit_tag\" value=\"wpcf7-f24633-o1\" \/>\n<input type=\"hidden\" name=\"_wpcf7_container_post\" value=\"0\" \/>\n<input type=\"hidden\" name=\"_wpcf7_posted_data_hash\" value=\"\" \/>\n<input type=\"hidden\" name=\"_wpcf7_recaptcha_response\" value=\"\" \/>\n<\/div>\n<div class=\"contact-form-footer\">\n\t<div class=\"datos\">\n\t\t<p><span class=\"wpcf7-form-control-wrap\" data-name=\"nombre\"><input size=\"40\" class=\"wpcf7-form-control wpcf7-text wpcf7-validates-as-required\" aria-required=\"true\" aria-invalid=\"false\" placeholder=\"Nombre\" value=\"\" type=\"text\" name=\"nombre\" \/><\/span>\n\t\t<\/p>\n\t<\/div>\n\t<div class=\"datos\">\n\t\t<p><span class=\"wpcf7-form-control-wrap\" data-name=\"apellidos\"><input size=\"40\" class=\"wpcf7-form-control wpcf7-text wpcf7-validates-as-required\" aria-required=\"true\" aria-invalid=\"false\" placeholder=\"Apellidos\" value=\"\" type=\"text\" name=\"apellidos\" \/><\/span>\n\t\t<\/p>\n\t<\/div>\n\t<div class=\"datoemail\">\n\t\t<p><span class=\"wpcf7-form-control-wrap\" data-name=\"email\"><input size=\"40\" class=\"wpcf7-form-control wpcf7-text wpcf7-email wpcf7-validates-as-required wpcf7-validates-as-email\" aria-required=\"true\" aria-invalid=\"false\" placeholder=\"Email\" value=\"\" type=\"email\" name=\"email\" \/><\/span>\n\t\t<\/p>\n\t<\/div>\n\t<div class=\"datos\">\n\t\t<p><span class=\"wpcf7-form-control-wrap\" data-name=\"edad\"><select class=\"wpcf7-form-control wpcf7-select wpcf7-validates-as-required\" aria-required=\"true\" aria-invalid=\"false\" name=\"edad\"><option value=\"\">Edad<\/option><option value=\"Menos de 17 a\u00f1os\">Menos de 17 a\u00f1os<\/option><option value=\"Entre 17 y 35 a\u00f1os\">Entre 17 y 35 a\u00f1os<\/option><option value=\"M\u00e1s de 35 a\u00f1os\">M\u00e1s de 35 a\u00f1os<\/option><\/select><\/span>\n\t\t<\/p>\n\t<\/div>\n\t<div class=\"datos\">\n\t\t<p><span class=\"wpcf7-form-control-wrap\" data-name=\"nivel\"><select class=\"wpcf7-form-control wpcf7-select wpcf7-validates-as-required\" aria-required=\"true\" aria-invalid=\"false\" name=\"nivel\"><option value=\"\">\u00bfQu\u00e9 nivel de espa\u00f1ol tienes?<\/option><option value=\"No s\u00e9 nada de espa\u00f1ol\">No s\u00e9 nada de espa\u00f1ol<\/option><option value=\"Elemental\">Elemental<\/option><option value=\"Intermedio\">Intermedio<\/option><option value=\"Avanzado\">Avanzado<\/option><option value=\"Superior\">Superior<\/option><\/select><\/span>\n\t\t<\/p>\n\t<\/div>\n\t<div class=\"datomensaje\">\n\t\t<p><span class=\"wpcf7-form-control-wrap\" data-name=\"mensaje\"><textarea cols=\"40\" rows=\"10\" class=\"wpcf7-form-control wpcf7-textarea wpcf7-validates-as-required\" aria-required=\"true\" aria-invalid=\"false\" placeholder=\"\u00bfQu\u00e9 informaci\u00f3n necesitas?\" name=\"mensaje\"><\/textarea><\/span>\n\t\t<\/p>\n\t<\/div>\n\t<div class=\"datomayoredad\">\n\t\t<p><span class=\"wpcf7-form-control-wrap\" data-name=\"mayoredad\"><span class=\"wpcf7-form-control wpcf7-acceptance\"><span class=\"wpcf7-list-item\"><label><input type=\"checkbox\" name=\"mayoredad\" value=\"1\" aria-invalid=\"false\" \/><span class=\"wpcf7-list-item-label\"><a href=\"https:\/\/aprendeconcarmen.es\/politica-de-privacidad\/\">He le\u00eddo y acepto la pol\u00edtica de privacidad<\/a>.<\/span><\/label><\/span><\/span><\/span>\n\t\t<\/p>\n\t<\/div>\n\t<div class=\"datomayoredad\">\n\t\n\t<\/div>\n\t<div>\n\t\t<p><input class=\"wpcf7-form-control has-spinner wpcf7-submit\" type=\"submit\" value=\"ENVIAR\" \/>\n\t\t<\/p>\n\t<\/div>\n<\/div><div class=\"wpcf7-response-output\" aria-hidden=\"true\"><\/div>\n<\/form>\n<\/div>\n[\/vc_column][\/vc_row]<\/p>\n","protected":false},"excerpt":{"rendered":"<p>[vc_row full_width=&#8221;stretch_row&#8221; content_placement=&#8221;middle&#8221; css_animation=&#8221;none&#8221; css=&#8221;.vc_custom_1522837001505{margin-bottom: 0px !important;padding-top: 130px !important;padding-bottom: 50px !important;background-image: url(https:\/\/aprendeconcarmen.es\/wp-content\/uploads\/2018\/03\/background-contacto.jpg?id=24903) !important;background-position: 0 0 !important;background-repeat: no-repeat !important;}&#8221; el_id=&#8221;cabecera&#8221;][vc_column css=&#8221;.vc_custom_1519318946462{padding-top:&#8230;<\/p>\n","protected":false},"author":1,"featured_media":0,"parent":0,"menu_order":0,"comment_status":"closed","ping_status":"closed","template":"","meta":[],"yoast_head":"<!-- This site is optimized with the Yoast SEO plugin v20.4 - https:\/\/yoast.com\/wordpress\/plugins\/seo\/ -->\n<title>Contacto profesora de espa\u00f1ol online - Aprende con Carmen<\/title>\n<meta name=\"description\" content=\"Contacta ahora con Carmen Est\u00e9vez, profesora de espa\u00f1ol online y resolveremos todas tus dudas sobre nuestras clases online de espa\u00f1ol.\" \/>\n<meta name=\"robots\" content=\"index, follow, max-snippet:-1, max-image-preview:large, max-video-preview:-1\" \/>\n<link rel=\"canonical\" href=\"https:\/\/prueba.aprendeconcarmen.es\/es\/contacto-con-carmen-estevez-profesora-de-espanol-online\/\" \/>\n<meta property=\"og:locale\" content=\"es_ES\" \/>\n<meta property=\"og:type\" content=\"article\" \/>\n<meta property=\"og:title\" content=\"Contacto profesora de espa\u00f1ol online - Aprende con Carmen\" \/>\n<meta property=\"og:description\" content=\"Contacta ahora con Carmen Est\u00e9vez, profesora de espa\u00f1ol online y resolveremos todas tus dudas sobre nuestras clases online de espa\u00f1ol.\" \/>\n<meta property=\"og:url\" content=\"https:\/\/prueba.aprendeconcarmen.es\/es\/contacto-con-carmen-estevez-profesora-de-espanol-online\/\" \/>\n<meta property=\"og:site_name\" content=\"Aprende con Carmen\" \/>\n<meta property=\"article:modified_time\" content=\"2022-02-23T15:05:20+00:00\" \/>\n<meta name=\"twitter:card\" content=\"summary_large_image\" \/>\n<meta name=\"twitter:label1\" content=\"Tiempo de lectura\" \/>\n\t<meta name=\"twitter:data1\" content=\"1 minuto\" \/>\n<script type=\"application\/ld+json\" class=\"yoast-schema-graph\">{\"@context\":\"https:\/\/schema.org\",\"@graph\":[{\"@type\":\"WebPage\",\"@id\":\"https:\/\/prueba.aprendeconcarmen.es\/es\/contacto-con-carmen-estevez-profesora-de-espanol-online\/\",\"url\":\"https:\/\/prueba.aprendeconcarmen.es\/es\/contacto-con-carmen-estevez-profesora-de-espanol-online\/\",\"name\":\"Contacto profesora de espa\u00f1ol online - Aprende con Carmen\",\"isPartOf\":{\"@id\":\"https:\/\/prueba.aprendeconcarmen.es\/#website\"},\"datePublished\":\"2018-03-07T14:53:19+00:00\",\"dateModified\":\"2022-02-23T15:05:20+00:00\",\"description\":\"Contacta ahora con Carmen Est\u00e9vez, profesora de espa\u00f1ol online y resolveremos todas tus dudas sobre nuestras clases online de espa\u00f1ol.\",\"breadcrumb\":{\"@id\":\"https:\/\/prueba.aprendeconcarmen.es\/es\/contacto-con-carmen-estevez-profesora-de-espanol-online\/#breadcrumb\"},\"inLanguage\":\"es\",\"potentialAction\":[{\"@type\":\"ReadAction\",\"target\":[\"https:\/\/prueba.aprendeconcarmen.es\/es\/contacto-con-carmen-estevez-profesora-de-espanol-online\/\"]}]},{\"@type\":\"BreadcrumbList\",\"@id\":\"https:\/\/prueba.aprendeconcarmen.es\/es\/contacto-con-carmen-estevez-profesora-de-espanol-online\/#breadcrumb\",\"itemListElement\":[{\"@type\":\"ListItem\",\"position\":1,\"name\":\"Portada\",\"item\":\"https:\/\/prueba.aprendeconcarmen.es\/es\/\"},{\"@type\":\"ListItem\",\"position\":2,\"name\":\"Contacto\"}]},{\"@type\":\"WebSite\",\"@id\":\"https:\/\/prueba.aprendeconcarmen.es\/#website\",\"url\":\"https:\/\/prueba.aprendeconcarmen.es\/\",\"name\":\"Aprende con Carmen\",\"description\":\"Clases de espa\u00f1ol online\",\"potentialAction\":[{\"@type\":\"SearchAction\",\"target\":{\"@type\":\"EntryPoint\",\"urlTemplate\":\"https:\/\/prueba.aprendeconcarmen.es\/?s={search_term_string}\"},\"query-input\":\"required name=search_term_string\"}],\"inLanguage\":\"es\"}]}<\/script>\n<!-- \/ Yoast SEO plugin. -->","yoast_head_json":{"title":"Contacto profesora de espa\u00f1ol online - Aprende con Carmen","description":"Contacta ahora con Carmen Est\u00e9vez, profesora de espa\u00f1ol online y resolveremos todas tus dudas sobre nuestras clases online de espa\u00f1ol.","robots":{"index":"index","follow":"follow","max-snippet":"max-snippet:-1","max-image-preview":"max-image-preview:large","max-video-preview":"max-video-preview:-1"},"canonical":"https:\/\/prueba.aprendeconcarmen.es\/es\/contacto-con-carmen-estevez-profesora-de-espanol-online\/","og_locale":"es_ES","og_type":"article","og_title":"Contacto profesora de espa\u00f1ol online - Aprende con Carmen","og_description":"Contacta ahora con Carmen Est\u00e9vez, profesora de espa\u00f1ol online y resolveremos todas tus dudas sobre nuestras clases online de espa\u00f1ol.","og_url":"https:\/\/prueba.aprendeconcarmen.es\/es\/contacto-con-carmen-estevez-profesora-de-espanol-online\/","og_site_name":"Aprende con Carmen","article_modified_time":"2022-02-23T15:05:20+00:00","twitter_card":"summary_large_image","twitter_misc":{"Tiempo de lectura":"1 minuto"},"schema":{"@context":"https:\/\/schema.org","@graph":[{"@type":"WebPage","@id":"https:\/\/prueba.aprendeconcarmen.es\/es\/contacto-con-carmen-estevez-profesora-de-espanol-online\/","url":"https:\/\/prueba.aprendeconcarmen.es\/es\/contacto-con-carmen-estevez-profesora-de-espanol-online\/","name":"Contacto profesora de espa\u00f1ol online - Aprende con Carmen","isPartOf":{"@id":"https:\/\/prueba.aprendeconcarmen.es\/#website"},"datePublished":"2018-03-07T14:53:19+00:00","dateModified":"2022-02-23T15:05:20+00:00","description":"Contacta ahora con Carmen Est\u00e9vez, profesora de espa\u00f1ol online y resolveremos todas tus dudas sobre nuestras clases online de espa\u00f1ol.","breadcrumb":{"@id":"https:\/\/prueba.aprendeconcarmen.es\/es\/contacto-con-carmen-estevez-profesora-de-espanol-online\/#breadcrumb"},"inLanguage":"es","potentialAction":[{"@type":"ReadAction","target":["https:\/\/prueba.aprendeconcarmen.es\/es\/contacto-con-carmen-estevez-profesora-de-espanol-online\/"]}]},{"@type":"BreadcrumbList","@id":"https:\/\/prueba.aprendeconcarmen.es\/es\/contacto-con-carmen-estevez-profesora-de-espanol-online\/#breadcrumb","itemListElement":[{"@type":"ListItem","position":1,"name":"Portada","item":"https:\/\/prueba.aprendeconcarmen.es\/es\/"},{"@type":"ListItem","position":2,"name":"Contacto"}]},{"@type":"WebSite","@id":"https:\/\/prueba.aprendeconcarmen.es\/#website","url":"https:\/\/prueba.aprendeconcarmen.es\/","name":"Aprende con Carmen","description":"Clases de espa\u00f1ol online","potentialAction":[{"@type":"SearchAction","target":{"@type":"EntryPoint","urlTemplate":"https:\/\/prueba.aprendeconcarmen.es\/?s={search_term_string}"},"query-input":"required name=search_term_string"}],"inLanguage":"es"}]}},"post_mailing_queue_ids":[],"_links":{"self":[{"href":"https:\/\/prueba.aprendeconcarmen.es\/es\/wp-json\/wp\/v2\/pages\/25306"}],"collection":[{"href":"https:\/\/prueba.aprendeconcarmen.es\/es\/wp-json\/wp\/v2\/pages"}],"about":[{"href":"https:\/\/prueba.aprendeconcarmen.es\/es\/wp-json\/wp\/v2\/types\/page"}],"author":[{"embeddable":true,"href":"https:\/\/prueba.aprendeconcarmen.es\/es\/wp-json\/wp\/v2\/users\/1"}],"replies":[{"embeddable":true,"href":"https:\/\/prueba.aprendeconcarmen.es\/es\/wp-json\/wp\/v2\/comments?post=25306"}],"version-history":[{"count":0,"href":"https:\/\/prueba.aprendeconcarmen.es\/es\/wp-json\/wp\/v2\/pages\/25306\/revisions"}],"wp:attachment":[{"href":"https:\/\/prueba.aprendeconcarmen.es\/es\/wp-json\/wp\/v2\/media?parent=25306"}],"curies":[{"name":"wp","href":"https:\/\/api.w.org\/{rel}","templated":true}]}}